{"id":13,"date":"2025-10-13T10:19:29","date_gmt":"2025-10-13T10:19:29","guid":{"rendered":"https:\/\/clinicamedisaf.co.ao\/?page_id=13"},"modified":"2025-10-21T08:10:38","modified_gmt":"2025-10-21T08:10:38","slug":"especialidades","status":"publish","type":"page","link":"https:\/\/clinicamedisaf.co.ao\/index.php\/especialidades\/","title":{"rendered":"Especialidades"},"content":{"rendered":"\t\t<div data-elementor-type=\"wp-page\" data-elementor-id=\"13\" class=\"elementor elementor-13\" data-elementor-settings=\"{&quot;ha_cmc_init_switcher&quot;:&quot;no&quot;}\" data-elementor-post-type=\"page\">\n\t\t\t\t<div class=\"elementor-element elementor-element-436d8b5 e-flex e-con-boxed jltma-glass-effect-no e-con e-parent\" data-id=\"436d8b5\" data-element_type=\"container\" data-e-type=\"container\" data-settings=\"{&quot;background_background&quot;:&quot;classic&quot;,&quot;_ha_eqh_enable&quot;:false}\">\n\t\t\t\t\t<div class=\"e-con-inner\">\n\t\t\t\t<div class=\"elementor-element elementor-element-16b6d89 jltma-glass-effect-no elementor-widget elementor-widget-heading\" data-id=\"16b6d89\" data-element_type=\"widget\" data-e-type=\"widget\" data-widget_type=\"heading.default\">\n\t\t\t\t\t<h2 class=\"elementor-heading-title elementor-size-default\">Nossas Especialidades<\/h2>\t\t\t\t<\/div>\n\t\t\t\t\t<\/div>\n\t\t\t\t<\/div>\n\t\t<div class=\"elementor-element elementor-element-cfc6618 e-flex e-con-boxed jltma-glass-effect-no e-con e-parent\" data-id=\"cfc6618\" data-element_type=\"container\" data-e-type=\"container\" data-settings=\"{&quot;_ha_eqh_enable&quot;:false}\">\n\t\t\t\t\t<div class=\"e-con-inner\">\n\t\t<div class=\"elementor-element elementor-element-d75c19d e-con-full e-flex jltma-glass-effect-no e-con e-child\" data-id=\"d75c19d\" data-element_type=\"container\" data-e-type=\"container\" data-settings=\"{&quot;_ha_eqh_enable&quot;:false}\">\n\t\t\t\t<div class=\"elementor-element elementor-element-59058a8 jltma-glass-effect-no elementor-widget elementor-widget-heading\" data-id=\"59058a8\" data-element_type=\"widget\" data-e-type=\"widget\" data-widget_type=\"heading.default\">\n\t\t\t\t\t<h4 class=\"elementor-heading-title elementor-size-default\">Servi\u00e7os Gerais de Assistencia M\u00e9dica<\/h4>\t\t\t\t<\/div>\n\t\t\t\t<\/div>\n\t\t<div class=\"elementor-element elementor-element-637737d e-con-full e-flex jltma-glass-effect-no e-con e-child\" data-id=\"637737d\" data-element_type=\"container\" data-e-type=\"container\" data-settings=\"{&quot;background_background&quot;:&quot;classic&quot;,&quot;_ha_eqh_enable&quot;:false}\">\n\t\t\t\t<div class=\"elementor-element elementor-element-ee3e45a jltma-glass-effect-no elementor-widget elementor-widget-image\" data-id=\"ee3e45a\" data-element_type=\"widget\" data-e-type=\"widget\" data-widget_type=\"image.default\">\n\t\t\t\t\t\t\t\t\t\t\t\t\t\t\t<img decoding=\"async\" src=\"https:\/\/clinicamedisaf.co.ao\/wp-content\/uploads\/elementor\/thumbs\/Estomatologia-scaled-rd6simv91vtg2d0zaqw3dk5bx5nkzsogbzpy9sw2ok.jpg\" title=\"Estomatologia\" alt=\"Estomatologia\" loading=\"lazy\" \/>\t\t\t\t\t\t\t\t\t\t\t\t\t\t\t<\/div>\n\t\t\t\t<div class=\"elementor-element elementor-element-2bbf814 elementor-widget__width-auto jltma-glass-effect-no elementor-widget elementor-widget-heading\" data-id=\"2bbf814\" data-element_type=\"widget\" data-e-type=\"widget\" data-widget_type=\"heading.default\">\n\t\t\t\t\t<h5 class=\"elementor-heading-title elementor-size-default\">Consultas M\u00e9dicas<\/h5>\t\t\t\t<\/div>\n\t\t\t\t<\/div>\n\t\t<div class=\"elementor-element elementor-element-17d4cda e-con-full e-flex jltma-glass-effect-no e-con e-child\" data-id=\"17d4cda\" data-element_type=\"container\" data-e-type=\"container\" data-settings=\"{&quot;background_background&quot;:&quot;classic&quot;,&quot;_ha_eqh_enable&quot;:false}\">\n\t\t\t\t<div class=\"elementor-element elementor-element-bc3f630 jltma-glass-effect-no elementor-widget elementor-widget-image\" data-id=\"bc3f630\" data-element_type=\"widget\" data-e-type=\"widget\" data-widget_type=\"image.default\">\n\t\t\t\t\t\t\t\t\t\t\t\t\t\t\t<img decoding=\"async\" src=\"https:\/\/clinicamedisaf.co.ao\/wp-content\/uploads\/elementor\/thumbs\/Estomatologia-scaled-rd6simv91vtg2d0zaqw3dk5bx5nkzsogbzpy9sw2ok.jpg\" title=\"Estomatologia\" alt=\"Estomatologia\" loading=\"lazy\" \/>\t\t\t\t\t\t\t\t\t\t\t\t\t\t\t<\/div>\n\t\t\t\t<div class=\"elementor-element elementor-element-d3abd2f elementor-widget__width-auto jltma-glass-effect-no elementor-widget elementor-widget-heading\" data-id=\"d3abd2f\" data-element_type=\"widget\" data-e-type=\"widget\" data-widget_type=\"heading.default\">\n\t\t\t\t\t<h5 class=\"elementor-heading-title elementor-size-default\">Consultas Especializadas<\/h5>\t\t\t\t<\/div>\n\t\t\t\t<\/div>\n\t\t<div class=\"elementor-element elementor-element-bc05a7a e-con-full e-flex jltma-glass-effect-no e-con e-child\" data-id=\"bc05a7a\" data-element_type=\"container\" data-e-type=\"container\" data-settings=\"{&quot;background_background&quot;:&quot;classic&quot;,&quot;_ha_eqh_enable&quot;:false}\">\n\t\t\t\t<div class=\"elementor-element elementor-element-a1b1159 jltma-glass-effect-no elementor-widget elementor-widget-image\" data-id=\"a1b1159\" data-element_type=\"widget\" data-e-type=\"widget\" data-widget_type=\"image.default\">\n\t\t\t\t\t\t\t\t\t\t\t\t\t\t\t<img decoding=\"async\" src=\"https:\/\/clinicamedisaf.co.ao\/wp-content\/uploads\/elementor\/thumbs\/Estomatologia-scaled-rd6simv91vtg2d0zaqw3dk5bx5nkzsogbzpy9sw2ok.jpg\" title=\"Estomatologia\" alt=\"Estomatologia\" loading=\"lazy\" \/>\t\t\t\t\t\t\t\t\t\t\t\t\t\t\t<\/div>\n\t\t\t\t<div class=\"elementor-element elementor-element-48361aa elementor-widget__width-auto jltma-glass-effect-no elementor-widget elementor-widget-heading\" data-id=\"48361aa\" data-element_type=\"widget\" data-e-type=\"widget\" data-widget_type=\"heading.default\">\n\t\t\t\t\t<h5 class=\"elementor-heading-title elementor-size-default\">Servi\u00e7ps de Estomatologia<\/h5>\t\t\t\t<\/div>\n\t\t\t\t<\/div>\n\t\t<div class=\"elementor-element elementor-element-c9cbb04 e-con-full e-flex jltma-glass-effect-no e-con e-child\" data-id=\"c9cbb04\" data-element_type=\"container\" data-e-type=\"container\" data-settings=\"{&quot;background_background&quot;:&quot;classic&quot;,&quot;_ha_eqh_enable&quot;:false}\">\n\t\t\t\t<div class=\"elementor-element elementor-element-9701b82 jltma-glass-effect-no elementor-widget elementor-widget-image\" data-id=\"9701b82\" data-element_type=\"widget\" data-e-type=\"widget\" data-widget_type=\"image.default\">\n\t\t\t\t\t\t\t\t\t\t\t\t\t\t\t<img decoding=\"async\" src=\"https:\/\/clinicamedisaf.co.ao\/wp-content\/uploads\/elementor\/thumbs\/Estomatologia-scaled-rd6simv91vtg2d0zaqw3dk5bx5nkzsogbzpy9sw2ok.jpg\" title=\"Estomatologia\" alt=\"Estomatologia\" loading=\"lazy\" \/>\t\t\t\t\t\t\t\t\t\t\t\t\t\t\t<\/div>\n\t\t\t\t<div class=\"elementor-element elementor-element-2aed42e elementor-widget__width-auto jltma-glass-effect-no elementor-widget elementor-widget-heading\" data-id=\"2aed42e\" data-element_type=\"widget\" data-e-type=\"widget\" data-widget_type=\"heading.default\">\n\t\t\t\t\t<h5 class=\"elementor-heading-title elementor-size-default\">Meios Diagnosticos (Laborat\u00f3rio de \u00c1nalises Cl\u00ednicas)\n<\/h5>\t\t\t\t<\/div>\n\t\t\t\t<\/div>\n\t\t<div class=\"elementor-element elementor-element-43ac75f e-con-full e-flex jltma-glass-effect-no e-con e-child\" data-id=\"43ac75f\" data-element_type=\"container\" data-e-type=\"container\" data-settings=\"{&quot;background_background&quot;:&quot;classic&quot;,&quot;_ha_eqh_enable&quot;:false}\">\n\t\t\t\t<div class=\"elementor-element elementor-element-707e503 jltma-glass-effect-no elementor-widget elementor-widget-image\" data-id=\"707e503\" data-element_type=\"widget\" data-e-type=\"widget\" data-widget_type=\"image.default\">\n\t\t\t\t\t\t\t\t\t\t\t\t\t\t\t<img decoding=\"async\" src=\"https:\/\/clinicamedisaf.co.ao\/wp-content\/uploads\/elementor\/thumbs\/Fisio-rd6rwq8nrvtvhiui7s03rl5livmmlqpnnkdkmnddp0.png\" title=\"Fisio\" alt=\"Fisio\" loading=\"lazy\" \/>\t\t\t\t\t\t\t\t\t\t\t\t\t\t\t<\/div>\n\t\t\t\t<div class=\"elementor-element elementor-element-7b59fa9 elementor-widget__width-auto jltma-glass-effect-no elementor-widget elementor-widget-heading\" data-id=\"7b59fa9\" data-element_type=\"widget\" data-e-type=\"widget\" data-widget_type=\"heading.default\">\n\t\t\t\t\t<h5 class=\"elementor-heading-title elementor-size-default\">Medicina F\u00edsica e  Reabilita\u00e7\u00e3o<\/h5>\t\t\t\t<\/div>\n\t\t\t\t<\/div>\n\t\t<div class=\"elementor-element elementor-element-6603ced e-con-full e-flex jltma-glass-effect-no e-con e-child\" data-id=\"6603ced\" data-element_type=\"container\" data-e-type=\"container\" data-settings=\"{&quot;background_background&quot;:&quot;classic&quot;,&quot;_ha_eqh_enable&quot;:false}\">\n\t\t\t\t<div class=\"elementor-element elementor-element-d8231b8 jltma-glass-effect-no elementor-widget elementor-widget-image\" data-id=\"d8231b8\" data-element_type=\"widget\" data-e-type=\"widget\" data-widget_type=\"image.default\">\n\t\t\t\t\t\t\t\t\t\t\t\t\t\t\t<img decoding=\"async\" src=\"https:\/\/clinicamedisaf.co.ao\/wp-content\/uploads\/elementor\/thumbs\/PEDIATRIA-scaled-rd6vkskbzwm6p70l1v3339f25sp62szzt83i07k3h0.jpg\" title=\"PEDIATRIA\" alt=\"PEDIATRIA\" loading=\"lazy\" \/>\t\t\t\t\t\t\t\t\t\t\t\t\t\t\t<\/div>\n\t\t\t\t<div class=\"elementor-element elementor-element-a393f43 elementor-widget__width-auto jltma-glass-effect-no elementor-widget elementor-widget-heading\" data-id=\"a393f43\" data-element_type=\"widget\" data-e-type=\"widget\" data-widget_type=\"heading.default\">\n\t\t\t\t\t<h5 class=\"elementor-heading-title elementor-size-default\">Medicina Geral Integral<\/h5>\t\t\t\t<\/div>\n\t\t\t\t<\/div>\n\t\t<div class=\"elementor-element elementor-element-a7f6e3b e-con-full e-flex jltma-glass-effect-no e-con e-child\" data-id=\"a7f6e3b\" data-element_type=\"container\" data-e-type=\"container\" data-settings=\"{&quot;background_background&quot;:&quot;classic&quot;,&quot;_ha_eqh_enable&quot;:false}\">\n\t\t\t\t<div class=\"elementor-element elementor-element-3a1c207 jltma-glass-effect-no elementor-widget elementor-widget-image\" data-id=\"3a1c207\" data-element_type=\"widget\" data-e-type=\"widget\" data-widget_type=\"image.default\">\n\t\t\t\t\t\t\t\t\t\t\t\t\t\t\t<img decoding=\"async\" src=\"https:\/\/clinicamedisaf.co.ao\/wp-content\/uploads\/elementor\/thumbs\/Estomatologia-scaled-rd6simv91vtg2d0zaqw3dk5bx5nkzsogbzpy9sw2ok.jpg\" title=\"Estomatologia\" alt=\"Estomatologia\" loading=\"lazy\" \/>\t\t\t\t\t\t\t\t\t\t\t\t\t\t\t<\/div>\n\t\t\t\t<div class=\"elementor-element elementor-element-fcf4c2c elementor-widget__width-auto jltma-glass-effect-no elementor-widget elementor-widget-heading\" data-id=\"fcf4c2c\" data-element_type=\"widget\" data-e-type=\"widget\" data-widget_type=\"heading.default\">\n\t\t\t\t\t<h5 class=\"elementor-heading-title elementor-size-default\">Sa\u00fade Do Trabalho<\/h5>\t\t\t\t<\/div>\n\t\t\t\t<\/div>\n\t\t<div class=\"elementor-element elementor-element-aa835ed e-con-full e-flex jltma-glass-effect-no e-con e-child\" data-id=\"aa835ed\" data-element_type=\"container\" data-e-type=\"container\" data-settings=\"{&quot;background_background&quot;:&quot;classic&quot;,&quot;_ha_eqh_enable&quot;:false}\">\n\t\t\t\t<div class=\"elementor-element elementor-element-244f4ee jltma-glass-effect-no elementor-widget elementor-widget-image\" data-id=\"244f4ee\" data-element_type=\"widget\" data-e-type=\"widget\" data-widget_type=\"image.default\">\n\t\t\t\t\t\t\t\t\t\t\t\t\t\t\t<img decoding=\"async\" src=\"https:\/\/clinicamedisaf.co.ao\/wp-content\/uploads\/elementor\/thumbs\/Estomatologia-scaled-rd6simv91vtg2d0zaqw3dk5bx5nkzsogbzpy9sw2ok.jpg\" title=\"Estomatologia\" alt=\"Estomatologia\" loading=\"lazy\" \/>\t\t\t\t\t\t\t\t\t\t\t\t\t\t\t<\/div>\n\t\t\t\t<div class=\"elementor-element elementor-element-dbc00ca elementor-widget__width-auto jltma-glass-effect-no elementor-widget elementor-widget-heading\" data-id=\"dbc00ca\" data-element_type=\"widget\" data-e-type=\"widget\" data-widget_type=\"heading.default\">\n\t\t\t\t\t<h5 class=\"elementor-heading-title elementor-size-default\">Exames Ecograficos (Ultrassom)<\/h5>\t\t\t\t<\/div>\n\t\t\t\t<\/div>\n\t\t<div class=\"elementor-element elementor-element-016df1f e-con-full e-flex jltma-glass-effect-no e-con e-child\" data-id=\"016df1f\" data-element_type=\"container\" data-e-type=\"container\" data-settings=\"{&quot;background_background&quot;:&quot;classic&quot;,&quot;_ha_eqh_enable&quot;:false}\">\n\t\t\t\t<div class=\"elementor-element elementor-element-31bef9d jltma-glass-effect-no elementor-widget elementor-widget-image\" data-id=\"31bef9d\" data-element_type=\"widget\" data-e-type=\"widget\" data-widget_type=\"image.default\">\n\t\t\t\t\t\t\t\t\t\t\t\t\t\t\t<img decoding=\"async\" src=\"https:\/\/clinicamedisaf.co.ao\/wp-content\/uploads\/elementor\/thumbs\/PEDIATRIA-scaled-rd6vkskbzwm6p70l1v3339f25sp62szzt83i07k3h0.jpg\" title=\"PEDIATRIA\" alt=\"PEDIATRIA\" loading=\"lazy\" \/>\t\t\t\t\t\t\t\t\t\t\t\t\t\t\t<\/div>\n\t\t\t\t<div class=\"elementor-element elementor-element-80fc396 elementor-widget__width-auto jltma-glass-effect-no elementor-widget elementor-widget-heading\" data-id=\"80fc396\" data-element_type=\"widget\" data-e-type=\"widget\" data-widget_type=\"heading.default\">\n\t\t\t\t\t<h5 class=\"elementor-heading-title elementor-size-default\">Medicina Natural e Bioenergetica<\/h5>\t\t\t\t<\/div>\n\t\t\t\t<\/div>\n\t\t<div class=\"elementor-element elementor-element-a129122 e-con-full e-flex jltma-glass-effect-no e-con e-child\" data-id=\"a129122\" data-element_type=\"container\" data-e-type=\"container\" data-settings=\"{&quot;background_background&quot;:&quot;classic&quot;,&quot;_ha_eqh_enable&quot;:false}\">\n\t\t\t\t<div class=\"elementor-element elementor-element-15ec5a6 elementor-align-center jltma-glass-effect-no elementor-widget elementor-widget-button\" data-id=\"15ec5a6\" data-element_type=\"widget\" data-e-type=\"widget\" data-widget_type=\"button.default\">\n\t\t\t\t\t\t\t\t\t\t<a class=\"elementor-button elementor-button-link elementor-size-sm elementor-animation-push\" href=\"https:\/\/clinicamedisaf.co.ao\/index.php\/especialidades\/\">\n\t\t\t\t\t\t<span class=\"elementor-button-content-wrapper\">\n\t\t\t\t\t\t<span class=\"elementor-button-icon\">\n\t\t\t\t<svg aria-hidden=\"true\" class=\"e-font-icon-svg e-far-arrow-alt-circle-right\" viewBox=\"0 0 512 512\" xmlns=\"http:\/\/www.w3.org\/2000\/svg\"><path d=\"M504 256C504 119 393 8 256 8S8 119 8 256s111 248 248 248 248-111 248-248zm-448 0c0-110.5 89.5-200 200-200s200 89.5 200 200-89.5 200-200 200S56 366.5 56 256zm72 20v-40c0-6.6 5.4-12 12-12h116v-67c0-10.7 12.9-16 20.5-8.5l99 99c4.7 4.7 4.7 12.3 0 17l-99 99c-7.6 7.6-20.5 2.2-20.5-8.5v-67H140c-6.6 0-12-5.4-12-12z\"><\/path><\/svg>\t\t\t<\/span>\n\t\t\t\t\t\t\t\t\t<span class=\"elementor-button-text\">Ver mais servi\u00e7os<\/span>\n\t\t\t\t\t<\/span>\n\t\t\t\t\t<\/a>\n\t\t\t\t\t\t\t\t<\/div>\n\t\t\t\t<\/div>\n\t\t\t\t\t<\/div>\n\t\t\t\t<\/div>\n\t\t\t\t<\/div>\n\t\t","protected":false},"excerpt":{"rendered":"<p>Nossas Especialidades Servi\u00e7os Gerais de Assistencia M\u00e9dica Consultas M\u00e9dicas Consultas Especializadas Servi\u00e7ps de Estomatologia Meios Diagnosticos (Laborat\u00f3rio de \u00c1nalises Cl\u00ednicas) Medicina F\u00edsica e Reabilita\u00e7\u00e3o Medicina Geral Integral Sa\u00fade Do Trabalho Exames Ecograficos (Ultrassom) Medicina Natural e Bioenergetica Ver mais servi\u00e7os<\/p>\n","protected":false},"author":3,"featured_media":0,"parent":0,"menu_order":0,"comment_status":"closed","ping_status":"closed","template":"","meta":{"_kadence_starter_templates_imported_post":false,"_kad_post_transparent":"default","_kad_post_title":"hide","_kad_post_layout":"fullwidth","_kad_post_sidebar_id":"","_kad_post_content_style":"unboxed","_kad_post_vertical_padding":"hide","_kad_post_feature":"hide","_kad_post_feature_position":"","_kad_post_header":false,"_kad_post_footer":false,"_kad_post_classname":"","footnotes":""},"class_list":["post-13","page","type-page","status-publish","hentry"],"_links":{"self":[{"href":"https:\/\/clinicamedisaf.co.ao\/index.php\/wp-json\/wp\/v2\/pages\/13","targetHints":{"allow":["GET"]}}],"collection":[{"href":"https:\/\/clinicamedisaf.co.ao\/index.php\/wp-json\/wp\/v2\/pages"}],"about":[{"href":"https:\/\/clinicamedisaf.co.ao\/index.php\/wp-json\/wp\/v2\/types\/page"}],"author":[{"embeddable":true,"href":"https:\/\/clinicamedisaf.co.ao\/index.php\/wp-json\/wp\/v2\/users\/3"}],"replies":[{"embeddable":true,"href":"https:\/\/clinicamedisaf.co.ao\/index.php\/wp-json\/wp\/v2\/comments?post=13"}],"version-history":[{"count":10,"href":"https:\/\/clinicamedisaf.co.ao\/index.php\/wp-json\/wp\/v2\/pages\/13\/revisions"}],"predecessor-version":[{"id":347,"href":"https:\/\/clinicamedisaf.co.ao\/index.php\/wp-json\/wp\/v2\/pages\/13\/revisions\/347"}],"wp:attachment":[{"href":"https:\/\/clinicamedisaf.co.ao\/index.php\/wp-json\/wp\/v2\/media?parent=13"}],"curies":[{"name":"wp","href":"https:\/\/api.w.org\/{rel}","templated":true}]}}